{"id":1507,"date":"2022-02-03T12:59:32","date_gmt":"2022-02-03T12:59:32","guid":{"rendered":"https:\/\/eager-cerf.212-88-144-19.plesk.page\/?page_id=1507"},"modified":"2025-07-04T09:34:44","modified_gmt":"2025-07-04T09:34:44","slug":"impressum","status":"publish","type":"page","link":"https:\/\/eager-cerf.212-88-144-19.plesk.page\/index.php\/impressum\/","title":{"rendered":"Impressum"},"content":{"rendered":"<div class=\"wpb-content-wrapper\"><p>[vc_row][vc_column][vc_column_text]<\/p>\n<h4 style=\"text-align: center;\"><span style=\"text-decoration: underline;\"><span style=\"color: #000000; text-decoration: underline;\">Impressum<\/span><\/span><\/h4>\n<p>[\/vc_column_text]<div class=\"clearboth\"><\/div><style>#thegem-divider-69f37f7f3ccda {margin-top: 50px !important;}<\/style><div id=\"thegem-divider-69f37f7f3ccda\" class=\"gem-divider  \" style=\"\" ><\/div>[\/vc_column][\/vc_row][vc_row][vc_column][vc_column_text css=&#8220;&#8220;]<span style=\"color: #000000;\">BBQ King Company GmbH<\/span><br \/>\n<span style=\"color: #000000;\">Magdeburgerstr.16<\/span><br \/>\n<span style=\"color: #000000;\">D-45881 Gelsenkirchen (Germany)<\/span><\/p>\n<p><span style=\"color: #000000;\">Gesch\u00e4ftsf\u00fchrung: J\u00f6rg Krafzik<br \/>\nTelefonnummer: 0209 977 60 70<br \/>\nE-Mailadresse: mail@bbq-king.eu<\/span><\/p>\n<p><span style=\"color: #000000;\">Registergericht &amp; Registernummer: \u00a0Amtsgericht Gelsenkirchen, HRB 9829<\/span><\/p>\n<p><span style=\"color: #000000;\">Umsatzsteuer-Identifikationsnummer: DE 273 461 683<\/span>[\/vc_column_text][\/vc_column][\/vc_row]<\/p>\n<\/div>","protected":false},"excerpt":{"rendered":"<p>[vc_row][vc_column][vc_column_text] Impressum [\/vc_column_text][\/vc_column][\/vc_row][vc_row][vc_column][vc_column_text css=&#8220;&#8220;]BBQ King Company GmbH Magdeburgerstr.16 D-45881 Gelsenkirchen (Germany) Gesch\u00e4ftsf\u00fchrung: J\u00f6rg Krafzik Telefonnummer: 0209 977 60 70 E-Mailadresse:&#8230;<\/p>\n","protected":false},"author":2,"featured_media":0,"parent":0,"menu_order":0,"comment_status":"closed","ping_status":"closed","template":"","meta":{"inline_featured_image":false,"footnotes":""},"class_list":["post-1507","page","type-page","status-publish"],"yoast_head":"<!-- This site is optimized with the Yoast SEO plugin v25.4 - https:\/\/yoast.com\/wordpress\/plugins\/seo\/ -->\n<title>Impressum - BBQ King Company<\/title>\n<meta name=\"robots\" content=\"index, follow, max-snippet:-1, max-image-preview:large, max-video-preview:-1\" \/>\n<link rel=\"canonical\" href=\"https:\/\/eager-cerf.212-88-144-19.plesk.page\/index.php\/impressum\/\" \/>\n<meta property=\"og:locale\" content=\"de_DE\" \/>\n<meta property=\"og:type\" content=\"article\" \/>\n<meta property=\"og:title\" content=\"Impressum - BBQ King Company\" \/>\n<meta property=\"og:description\" content=\"[vc_row][vc_column][vc_column_text] Impressum [\/vc_column_text][\/vc_column][\/vc_row][vc_row][vc_column][vc_column_text css=&#8220;&#8220;]BBQ King Company GmbH Magdeburgerstr.16 D-45881 Gelsenkirchen (Germany) Gesch\u00e4ftsf\u00fchrung: J\u00f6rg Krafzik Telefonnummer: 0209 977 60 70 E-Mailadresse:...\" \/>\n<meta property=\"og:url\" content=\"https:\/\/eager-cerf.212-88-144-19.plesk.page\/index.php\/impressum\/\" \/>\n<meta property=\"og:site_name\" content=\"BBQ King Company\" \/>\n<meta property=\"article:modified_time\" content=\"2025-07-04T09:34:44+00:00\" \/>\n<meta name=\"twitter:card\" content=\"summary_large_image\" \/>\n<meta name=\"twitter:label1\" content=\"Gesch\u00e4tzte Lesezeit\" \/>\n\t<meta name=\"twitter:data1\" content=\"1\u00a0Minute\" \/>\n<script type=\"application\/ld+json\" class=\"yoast-schema-graph\">{\"@context\":\"https:\/\/schema.org\",\"@graph\":[{\"@type\":\"WebPage\",\"@id\":\"https:\/\/eager-cerf.212-88-144-19.plesk.page\/index.php\/impressum\/\",\"url\":\"https:\/\/eager-cerf.212-88-144-19.plesk.page\/index.php\/impressum\/\",\"name\":\"Impressum - BBQ King Company\",\"isPartOf\":{\"@id\":\"https:\/\/eager-cerf.212-88-144-19.plesk.page\/#website\"},\"datePublished\":\"2022-02-03T12:59:32+00:00\",\"dateModified\":\"2025-07-04T09:34:44+00:00\",\"breadcrumb\":{\"@id\":\"https:\/\/eager-cerf.212-88-144-19.plesk.page\/index.php\/impressum\/#breadcrumb\"},\"inLanguage\":\"de\",\"potentialAction\":[{\"@type\":\"ReadAction\",\"target\":[\"https:\/\/eager-cerf.212-88-144-19.plesk.page\/index.php\/impressum\/\"]}]},{\"@type\":\"BreadcrumbList\",\"@id\":\"https:\/\/eager-cerf.212-88-144-19.plesk.page\/index.php\/impressum\/#breadcrumb\",\"itemListElement\":[{\"@type\":\"ListItem\",\"position\":1,\"name\":\"Startseite\",\"item\":\"https:\/\/eager-cerf.212-88-144-19.plesk.page\/\"},{\"@type\":\"ListItem\",\"position\":2,\"name\":\"Impressum\"}]},{\"@type\":\"WebSite\",\"@id\":\"https:\/\/eager-cerf.212-88-144-19.plesk.page\/#website\",\"url\":\"https:\/\/eager-cerf.212-88-144-19.plesk.page\/\",\"name\":\"BBQ King Company\",\"description\":\"Just another WordPress site\",\"potentialAction\":[{\"@type\":\"SearchAction\",\"target\":{\"@type\":\"EntryPoint\",\"urlTemplate\":\"https:\/\/eager-cerf.212-88-144-19.plesk.page\/?s={search_term_string}\"},\"query-input\":{\"@type\":\"PropertyValueSpecification\",\"valueRequired\":true,\"valueName\":\"search_term_string\"}}],\"inLanguage\":\"de\"}]}<\/script>\n<!-- \/ Yoast SEO plugin. -->","yoast_head_json":{"title":"Impressum - BBQ King Company","robots":{"index":"index","follow":"follow","max-snippet":"max-snippet:-1","max-image-preview":"max-image-preview:large","max-video-preview":"max-video-preview:-1"},"canonical":"https:\/\/eager-cerf.212-88-144-19.plesk.page\/index.php\/impressum\/","og_locale":"de_DE","og_type":"article","og_title":"Impressum - BBQ King Company","og_description":"[vc_row][vc_column][vc_column_text] Impressum [\/vc_column_text][\/vc_column][\/vc_row][vc_row][vc_column][vc_column_text css=&#8220;&#8220;]BBQ King Company GmbH Magdeburgerstr.16 D-45881 Gelsenkirchen (Germany) Gesch\u00e4ftsf\u00fchrung: J\u00f6rg Krafzik Telefonnummer: 0209 977 60 70 E-Mailadresse:...","og_url":"https:\/\/eager-cerf.212-88-144-19.plesk.page\/index.php\/impressum\/","og_site_name":"BBQ King Company","article_modified_time":"2025-07-04T09:34:44+00:00","twitter_card":"summary_large_image","twitter_misc":{"Gesch\u00e4tzte Lesezeit":"1\u00a0Minute"},"schema":{"@context":"https:\/\/schema.org","@graph":[{"@type":"WebPage","@id":"https:\/\/eager-cerf.212-88-144-19.plesk.page\/index.php\/impressum\/","url":"https:\/\/eager-cerf.212-88-144-19.plesk.page\/index.php\/impressum\/","name":"Impressum - BBQ King Company","isPartOf":{"@id":"https:\/\/eager-cerf.212-88-144-19.plesk.page\/#website"},"datePublished":"2022-02-03T12:59:32+00:00","dateModified":"2025-07-04T09:34:44+00:00","breadcrumb":{"@id":"https:\/\/eager-cerf.212-88-144-19.plesk.page\/index.php\/impressum\/#breadcrumb"},"inLanguage":"de","potentialAction":[{"@type":"ReadAction","target":["https:\/\/eager-cerf.212-88-144-19.plesk.page\/index.php\/impressum\/"]}]},{"@type":"BreadcrumbList","@id":"https:\/\/eager-cerf.212-88-144-19.plesk.page\/index.php\/impressum\/#breadcrumb","itemListElement":[{"@type":"ListItem","position":1,"name":"Startseite","item":"https:\/\/eager-cerf.212-88-144-19.plesk.page\/"},{"@type":"ListItem","position":2,"name":"Impressum"}]},{"@type":"WebSite","@id":"https:\/\/eager-cerf.212-88-144-19.plesk.page\/#website","url":"https:\/\/eager-cerf.212-88-144-19.plesk.page\/","name":"BBQ King Company","description":"Just another WordPress site","potentialAction":[{"@type":"SearchAction","target":{"@type":"EntryPoint","urlTemplate":"https:\/\/eager-cerf.212-88-144-19.plesk.page\/?s={search_term_string}"},"query-input":{"@type":"PropertyValueSpecification","valueRequired":true,"valueName":"search_term_string"}}],"inLanguage":"de"}]}},"_links":{"self":[{"href":"https:\/\/eager-cerf.212-88-144-19.plesk.page\/index.php\/wp-json\/wp\/v2\/pages\/1507","targetHints":{"allow":["GET"]}}],"collection":[{"href":"https:\/\/eager-cerf.212-88-144-19.plesk.page\/index.php\/wp-json\/wp\/v2\/pages"}],"about":[{"href":"https:\/\/eager-cerf.212-88-144-19.plesk.page\/index.php\/wp-json\/wp\/v2\/types\/page"}],"author":[{"embeddable":true,"href":"https:\/\/eager-cerf.212-88-144-19.plesk.page\/index.php\/wp-json\/wp\/v2\/users\/2"}],"replies":[{"embeddable":true,"href":"https:\/\/eager-cerf.212-88-144-19.plesk.page\/index.php\/wp-json\/wp\/v2\/comments?post=1507"}],"version-history":[{"count":5,"href":"https:\/\/eager-cerf.212-88-144-19.plesk.page\/index.php\/wp-json\/wp\/v2\/pages\/1507\/revisions"}],"predecessor-version":[{"id":1674,"href":"https:\/\/eager-cerf.212-88-144-19.plesk.page\/index.php\/wp-json\/wp\/v2\/pages\/1507\/revisions\/1674"}],"wp:attachment":[{"href":"https:\/\/eager-cerf.212-88-144-19.plesk.page\/index.php\/wp-json\/wp\/v2\/media?parent=1507"}],"curies":[{"name":"wp","href":"https:\/\/api.w.org\/{rel}","templated":true}]}}